{"id":11960,"date":"2025-06-08T12:45:12","date_gmt":"2025-06-08T10:45:12","guid":{"rendered":"https:\/\/ibizasoul.com\/wettelijke-kennisgeving\/"},"modified":"2025-06-08T13:28:17","modified_gmt":"2025-06-08T11:28:17","slug":"wettelijke-kennisgeving","status":"publish","type":"page","link":"https:\/\/ibizasoul.com\/nl\/wettelijke-kennisgeving\/","title":{"rendered":"Wettelijke kennisgeving"},"content":{"rendered":"\n<h2 class=\"wp-block-heading\" id=\"h-legal-notice\">Wettelijke kennisgeving<\/h2>\n\n<p>Deze website wordt beheerd door:<\/p>\n\n<p><strong>Ibiza Soul<\/strong><br\/>Spanje (residenti\u00eble, niet-commerci\u00eble priv\u00e9-site in ontwikkeling)<br\/>Contact: [Link contactformulier]<br\/>Website: https:\/\/ibizasoul.com<\/p>\n\n<hr class=\"wp-block-separator has-alpha-channel-opacity\"\/>\n\n<h3 class=\"wp-block-heading\" id=\"h-responsible-for-content\">Verantwoordelijk voor de inhoud:<\/h3>\n\n<p>Rob Woo (projecteigenaar) | WOO Publishing<br\/>Beschikbaar op aanvraag via het contactformulier.<\/p>\n\n<hr class=\"wp-block-separator has-alpha-channel-opacity\"\/>\n\n<h3 class=\"wp-block-heading\" id=\"h-disclaimer\">Disclaimer:<\/h3>\n\n<p>Alle informatie op deze website is uitsluitend bedoeld ter informatie en inspiratie. We garanderen de nauwkeurigheid of volledigheid van de inhoud niet.<\/p>\n\n<p>Wij zijn niet verantwoordelijk voor externe websites waarnaar op dit platform wordt gelinkt.<\/p>\n\n<hr class=\"wp-block-separator has-alpha-channel-opacity\"\/>\n\n<h3 class=\"wp-block-heading\" id=\"h-legal-status\">Juridische status:<\/h3>\n\n<p>Deze website is momenteel in aanbouw en is niet commercieel actief. Een geregistreerd bedrijfsadres en volledige gegevens over de juridische entiteit worden toegevoegd voordat de commerci\u00eble activiteiten van start gaan.<\/p>\n\n<hr class=\"wp-block-separator has-alpha-channel-opacity\"\/>\n\n<h3 class=\"wp-block-heading\" id=\"h-copyright\">Copyright:<\/h3>\n\n<p>Alle inhoud \u00a9 Ibiza Soul. Ongeoorloofde reproductie of distributie is verboden zonder schriftelijke toestemming.<\/p>\n","protected":false},"excerpt":{"rendered":"<p>Wettelijke kennisgeving Deze website wordt beheerd door: Ibiza SoulSpanje (residenti\u00eble, niet-commerci\u00eble priv\u00e9-site in ontwikkeling)Contact: [Link contactformulier]Website: https:\/\/ibizasoul.com Verantwoordelijk voor de inhoud: Rob Woo (projecteigenaar) | WOO PublishingBeschikbaar op aanvraag via het contactformulier. Disclaimer: Alle informatie op deze website is uitsluitend bedoeld ter informatie en inspiratie. We garanderen de nauwkeurigheid of volledigheid van de inhoud niet. [&hellip;]<\/p>\n","protected":false},"author":4,"featured_media":0,"parent":0,"menu_order":0,"comment_status":"closed","ping_status":"closed","template":"","meta":{"_acf_changed":false,"footnotes":""},"class_list":["post-11960","page","type-page","status-publish","hentry"],"acf":[],"yoast_head":"<!-- This site is optimized with the Yoast SEO Premium plugin v27.4 (Yoast SEO v27.4) - https:\/\/yoast.com\/product\/yoast-seo-premium-wordpress\/ -->\n<title>Wettelijke kennisgeving - Ibiza Soul<\/title>\n<meta name=\"robots\" content=\"noindex, follow, max-snippet:-1, max-image-preview:large, max-video-preview:-1\" \/>\n<meta property=\"og:locale\" content=\"nl_NL\" \/>\n<meta property=\"og:type\" content=\"article\" \/>\n<meta property=\"og:title\" content=\"Wettelijke kennisgeving\" \/>\n<meta property=\"og:description\" content=\"Wettelijke kennisgeving Deze website wordt beheerd door: Ibiza SoulSpanje (residenti\u00eble, niet-commerci\u00eble priv\u00e9-site in ontwikkeling)Contact: [Link contactformulier]Website: https:\/\/ibizasoul.com Verantwoordelijk voor de inhoud: Rob Woo (projecteigenaar) | WOO PublishingBeschikbaar op aanvraag via het contactformulier. Disclaimer: Alle informatie op deze website is uitsluitend bedoeld ter informatie en inspiratie. We garanderen de nauwkeurigheid of volledigheid van de inhoud niet. [&hellip;]\" \/>\n<meta property=\"og:url\" content=\"https:\/\/ibizasoul.com\/legal-notice\/\" \/>\n<meta property=\"og:site_name\" content=\"Ibiza Soul\" \/>\n<meta property=\"article:publisher\" content=\"https:\/\/www.facebook.com\/theibizasoul\/\" \/>\n<meta property=\"article:modified_time\" content=\"2025-06-08T11:28:17+00:00\" \/>\n<meta name=\"twitter:card\" content=\"summary_large_image\" \/>\n<meta name=\"twitter:site\" content=\"@theibizasoul\" \/>\n<meta name=\"twitter:label1\" content=\"Geschatte leestijd\" \/>\n\t<meta name=\"twitter:data1\" content=\"1 minuut\" \/>\n<script type=\"application\/ld+json\" class=\"yoast-schema-graph\">{\"@context\":\"https:\\\/\\\/schema.org\",\"@graph\":[{\"@type\":\"WebPage\",\"@id\":\"https:\\\/\\\/ibizasoul.com\\\/legal-notice\\\/\",\"url\":\"https:\\\/\\\/ibizasoul.com\\\/legal-notice\\\/\",\"name\":\"Wettelijke kennisgeving - Ibiza Soul\",\"isPartOf\":{\"@id\":\"https:\\\/\\\/ibizasoul.com\\\/#website\"},\"datePublished\":\"2025-06-08T10:45:12+00:00\",\"dateModified\":\"2025-06-08T11:28:17+00:00\",\"breadcrumb\":{\"@id\":\"https:\\\/\\\/ibizasoul.com\\\/legal-notice\\\/#breadcrumb\"},\"inLanguage\":\"nl-NL\",\"potentialAction\":[{\"@type\":\"ReadAction\",\"target\":[\"https:\\\/\\\/ibizasoul.com\\\/legal-notice\\\/\"]}]},{\"@type\":\"BreadcrumbList\",\"@id\":\"https:\\\/\\\/ibizasoul.com\\\/legal-notice\\\/#breadcrumb\",\"itemListElement\":[{\"@type\":\"ListItem\",\"position\":1,\"name\":\"Home\",\"item\":\"https:\\\/\\\/ibizasoul.com\\\/\"},{\"@type\":\"ListItem\",\"position\":2,\"name\":\"Wettelijke kennisgeving\"}]},{\"@type\":\"WebSite\",\"@id\":\"https:\\\/\\\/ibizasoul.com\\\/#website\",\"url\":\"https:\\\/\\\/ibizasoul.com\\\/\",\"name\":\"Ibiza Soul\",\"description\":\"Ibiza Soul \u2013 Hidden Beaches, Secret Spots &amp; Things To Do in Ibiza\",\"potentialAction\":[{\"@type\":\"SearchAction\",\"target\":{\"@type\":\"EntryPoint\",\"urlTemplate\":\"https:\\\/\\\/ibizasoul.com\\\/?s={search_term_string}\"},\"query-input\":{\"@type\":\"PropertyValueSpecification\",\"valueRequired\":true,\"valueName\":\"search_term_string\"}}],\"inLanguage\":\"nl-NL\"}]}<\/script>\n<!-- \/ Yoast SEO Premium plugin. -->","yoast_head_json":{"title":"Wettelijke kennisgeving - Ibiza Soul","robots":{"index":"noindex","follow":"follow","max-snippet":"max-snippet:-1","max-image-preview":"max-image-preview:large","max-video-preview":"max-video-preview:-1"},"og_locale":"nl_NL","og_type":"article","og_title":"Wettelijke kennisgeving","og_description":"Wettelijke kennisgeving Deze website wordt beheerd door: Ibiza SoulSpanje (residenti\u00eble, niet-commerci\u00eble priv\u00e9-site in ontwikkeling)Contact: [Link contactformulier]Website: https:\/\/ibizasoul.com Verantwoordelijk voor de inhoud: Rob Woo (projecteigenaar) | WOO PublishingBeschikbaar op aanvraag via het contactformulier. Disclaimer: Alle informatie op deze website is uitsluitend bedoeld ter informatie en inspiratie. We garanderen de nauwkeurigheid of volledigheid van de inhoud niet. [&hellip;]","og_url":"https:\/\/ibizasoul.com\/legal-notice\/","og_site_name":"Ibiza Soul","article_publisher":"https:\/\/www.facebook.com\/theibizasoul\/","article_modified_time":"2025-06-08T11:28:17+00:00","twitter_card":"summary_large_image","twitter_site":"@theibizasoul","twitter_misc":{"Geschatte leestijd":"1 minuut"},"schema":{"@context":"https:\/\/schema.org","@graph":[{"@type":"WebPage","@id":"https:\/\/ibizasoul.com\/legal-notice\/","url":"https:\/\/ibizasoul.com\/legal-notice\/","name":"Wettelijke kennisgeving - Ibiza Soul","isPartOf":{"@id":"https:\/\/ibizasoul.com\/#website"},"datePublished":"2025-06-08T10:45:12+00:00","dateModified":"2025-06-08T11:28:17+00:00","breadcrumb":{"@id":"https:\/\/ibizasoul.com\/legal-notice\/#breadcrumb"},"inLanguage":"nl-NL","potentialAction":[{"@type":"ReadAction","target":["https:\/\/ibizasoul.com\/legal-notice\/"]}]},{"@type":"BreadcrumbList","@id":"https:\/\/ibizasoul.com\/legal-notice\/#breadcrumb","itemListElement":[{"@type":"ListItem","position":1,"name":"Home","item":"https:\/\/ibizasoul.com\/"},{"@type":"ListItem","position":2,"name":"Wettelijke kennisgeving"}]},{"@type":"WebSite","@id":"https:\/\/ibizasoul.com\/#website","url":"https:\/\/ibizasoul.com\/","name":"Ibiza Soul","description":"Ibiza Soul \u2013 Hidden Beaches, Secret Spots &amp; Things To Do in Ibiza","potentialAction":[{"@type":"SearchAction","target":{"@type":"EntryPoint","urlTemplate":"https:\/\/ibizasoul.com\/?s={search_term_string}"},"query-input":{"@type":"PropertyValueSpecification","valueRequired":true,"valueName":"search_term_string"}}],"inLanguage":"nl-NL"}]}},"_links":{"self":[{"href":"https:\/\/ibizasoul.com\/nl\/wp-json\/wp\/v2\/pages\/11960","targetHints":{"allow":["GET"]}}],"collection":[{"href":"https:\/\/ibizasoul.com\/nl\/wp-json\/wp\/v2\/pages"}],"about":[{"href":"https:\/\/ibizasoul.com\/nl\/wp-json\/wp\/v2\/types\/page"}],"author":[{"embeddable":true,"href":"https:\/\/ibizasoul.com\/nl\/wp-json\/wp\/v2\/users\/4"}],"replies":[{"embeddable":true,"href":"https:\/\/ibizasoul.com\/nl\/wp-json\/wp\/v2\/comments?post=11960"}],"version-history":[{"count":1,"href":"https:\/\/ibizasoul.com\/nl\/wp-json\/wp\/v2\/pages\/11960\/revisions"}],"predecessor-version":[{"id":11961,"href":"https:\/\/ibizasoul.com\/nl\/wp-json\/wp\/v2\/pages\/11960\/revisions\/11961"}],"wp:attachment":[{"href":"https:\/\/ibizasoul.com\/nl\/wp-json\/wp\/v2\/media?parent=11960"}],"curies":[{"name":"wp","href":"https:\/\/api.w.org\/{rel}","templated":true}]}}