{"id":11962,"date":"2025-06-08T12:45:12","date_gmt":"2025-06-08T10:45:12","guid":{"rendered":"https:\/\/ibizasoul.com\/mentions-legales\/"},"modified":"2025-06-08T13:28:18","modified_gmt":"2025-06-08T11:28:18","slug":"mentions-legales","status":"publish","type":"page","link":"https:\/\/ibizasoul.com\/fr\/mentions-legales\/","title":{"rendered":"Mentions l\u00e9gales"},"content":{"rendered":"\n<h2 class=\"wp-block-heading\" id=\"h-legal-notice\">Avis juridique<\/h2>\n\n<p>Ce site web est exploit\u00e9 par :<\/p>\n\n<p><strong>Ibiza Soul<\/strong><br\/>Espagne (site priv\u00e9 non commercial, bas\u00e9 sur la r\u00e9sidence, en cours de d\u00e9veloppement)<br\/>Contact : [Lien vers le formulaire de contact]<br\/>Site web : https:\/\/ibizasoul.com<\/p>\n\n<hr class=\"wp-block-separator has-alpha-channel-opacity\"\/>\n\n<h3 class=\"wp-block-heading\" id=\"h-responsible-for-content\">Responsable du contenu :<\/h3>\n\n<p>Rob Woo (propri\u00e9taire du projet) | WOO Publishing<br\/>Disponible sur demande via le formulaire de contact.<\/p>\n\n<hr class=\"wp-block-separator has-alpha-channel-opacity\"\/>\n\n<h3 class=\"wp-block-heading\" id=\"h-disclaimer\">Avis de non-responsabilit\u00e9 :<\/h3>\n\n<p>Toutes les informations contenues dans ce site web sont fournies \u00e0 titre d&rsquo;information et d&rsquo;inspiration uniquement. Nous ne garantissons pas l&rsquo;exactitude ou l&rsquo;exhaustivit\u00e9 du contenu.<\/p>\n\n<p>Nous ne sommes pas responsables des sites web externes li\u00e9s \u00e0 cette plateforme.<\/p>\n\n<hr class=\"wp-block-separator has-alpha-channel-opacity\"\/>\n\n<h3 class=\"wp-block-heading\" id=\"h-legal-status\">Statut juridique :<\/h3>\n\n<p>Ce site est actuellement en construction et n&rsquo;est pas commercialement actif. Une adresse commerciale enregistr\u00e9e et les coordonn\u00e9es compl\u00e8tes de l&rsquo;entit\u00e9 juridique seront ajout\u00e9es avant le d\u00e9but de toute activit\u00e9 commerciale.<\/p>\n\n<hr class=\"wp-block-separator has-alpha-channel-opacity\"\/>\n\n<h3 class=\"wp-block-heading\" id=\"h-copyright\">Copyright :<\/h3>\n\n<p>Tous les contenus \u00a9 Ibiza Soul. Toute reproduction ou distribution non autoris\u00e9e est interdite sans autorisation \u00e9crite.<\/p>\n","protected":false},"excerpt":{"rendered":"<p>Avis juridique Ce site web est exploit\u00e9 par : Ibiza SoulEspagne (site priv\u00e9 non commercial, bas\u00e9 sur la r\u00e9sidence, en cours de d\u00e9veloppement)Contact : [Lien vers le formulaire de contact]Site web : https:\/\/ibizasoul.com Responsable du contenu : Rob Woo (propri\u00e9taire du projet) | WOO PublishingDisponible sur demande via le formulaire de contact. Avis de non-responsabilit\u00e9 [&hellip;]<\/p>\n","protected":false},"author":4,"featured_media":0,"parent":0,"menu_order":0,"comment_status":"closed","ping_status":"closed","template":"","meta":{"_acf_changed":false,"footnotes":""},"class_list":["post-11962","page","type-page","status-publish","hentry"],"acf":[],"yoast_head":"<!-- This site is optimized with the Yoast SEO Premium plugin v27.4 (Yoast SEO v27.4) - https:\/\/yoast.com\/product\/yoast-seo-premium-wordpress\/ -->\n<title>Mentions l\u00e9gales - Ibiza Soul<\/title>\n<meta name=\"robots\" content=\"noindex, follow, max-snippet:-1, max-image-preview:large, max-video-preview:-1\" \/>\n<meta property=\"og:locale\" content=\"fr_FR\" \/>\n<meta property=\"og:type\" content=\"article\" \/>\n<meta property=\"og:title\" content=\"Mentions l\u00e9gales\" \/>\n<meta property=\"og:description\" content=\"Avis juridique Ce site web est exploit\u00e9 par : Ibiza SoulEspagne (site priv\u00e9 non commercial, bas\u00e9 sur la r\u00e9sidence, en cours de d\u00e9veloppement)Contact : [Lien vers le formulaire de contact]Site web : https:\/\/ibizasoul.com Responsable du contenu : Rob Woo (propri\u00e9taire du projet) | WOO PublishingDisponible sur demande via le formulaire de contact. Avis de non-responsabilit\u00e9 [&hellip;]\" \/>\n<meta property=\"og:url\" content=\"https:\/\/ibizasoul.com\/legal-notice\/\" \/>\n<meta property=\"og:site_name\" content=\"Ibiza Soul\" \/>\n<meta property=\"article:publisher\" content=\"https:\/\/www.facebook.com\/theibizasoul\/\" \/>\n<meta property=\"article:modified_time\" content=\"2025-06-08T11:28:18+00:00\" \/>\n<meta name=\"twitter:card\" content=\"summary_large_image\" \/>\n<meta name=\"twitter:site\" content=\"@theibizasoul\" \/>\n<meta name=\"twitter:label1\" content=\"Dur\u00e9e de lecture estim\u00e9e\" \/>\n\t<meta name=\"twitter:data1\" content=\"1 minute\" \/>\n<script type=\"application\/ld+json\" class=\"yoast-schema-graph\">{\"@context\":\"https:\\\/\\\/schema.org\",\"@graph\":[{\"@type\":\"WebPage\",\"@id\":\"https:\\\/\\\/ibizasoul.com\\\/legal-notice\\\/\",\"url\":\"https:\\\/\\\/ibizasoul.com\\\/legal-notice\\\/\",\"name\":\"Mentions l\u00e9gales - Ibiza Soul\",\"isPartOf\":{\"@id\":\"https:\\\/\\\/ibizasoul.com\\\/#website\"},\"datePublished\":\"2025-06-08T10:45:12+00:00\",\"dateModified\":\"2025-06-08T11:28:18+00:00\",\"breadcrumb\":{\"@id\":\"https:\\\/\\\/ibizasoul.com\\\/legal-notice\\\/#breadcrumb\"},\"inLanguage\":\"fr-FR\",\"potentialAction\":[{\"@type\":\"ReadAction\",\"target\":[\"https:\\\/\\\/ibizasoul.com\\\/legal-notice\\\/\"]}]},{\"@type\":\"BreadcrumbList\",\"@id\":\"https:\\\/\\\/ibizasoul.com\\\/legal-notice\\\/#breadcrumb\",\"itemListElement\":[{\"@type\":\"ListItem\",\"position\":1,\"name\":\"Home\",\"item\":\"https:\\\/\\\/ibizasoul.com\\\/\"},{\"@type\":\"ListItem\",\"position\":2,\"name\":\"Mentions l\u00e9gales\"}]},{\"@type\":\"WebSite\",\"@id\":\"https:\\\/\\\/ibizasoul.com\\\/#website\",\"url\":\"https:\\\/\\\/ibizasoul.com\\\/\",\"name\":\"Ibiza Soul\",\"description\":\"Ibiza Soul \u2013 Hidden Beaches, Secret Spots &amp; Things To Do in Ibiza\",\"potentialAction\":[{\"@type\":\"SearchAction\",\"target\":{\"@type\":\"EntryPoint\",\"urlTemplate\":\"https:\\\/\\\/ibizasoul.com\\\/?s={search_term_string}\"},\"query-input\":{\"@type\":\"PropertyValueSpecification\",\"valueRequired\":true,\"valueName\":\"search_term_string\"}}],\"inLanguage\":\"fr-FR\"}]}<\/script>\n<!-- \/ Yoast SEO Premium plugin. -->","yoast_head_json":{"title":"Mentions l\u00e9gales - Ibiza Soul","robots":{"index":"noindex","follow":"follow","max-snippet":"max-snippet:-1","max-image-preview":"max-image-preview:large","max-video-preview":"max-video-preview:-1"},"og_locale":"fr_FR","og_type":"article","og_title":"Mentions l\u00e9gales","og_description":"Avis juridique Ce site web est exploit\u00e9 par : Ibiza SoulEspagne (site priv\u00e9 non commercial, bas\u00e9 sur la r\u00e9sidence, en cours de d\u00e9veloppement)Contact : [Lien vers le formulaire de contact]Site web : https:\/\/ibizasoul.com Responsable du contenu : Rob Woo (propri\u00e9taire du projet) | WOO PublishingDisponible sur demande via le formulaire de contact. Avis de non-responsabilit\u00e9 [&hellip;]","og_url":"https:\/\/ibizasoul.com\/legal-notice\/","og_site_name":"Ibiza Soul","article_publisher":"https:\/\/www.facebook.com\/theibizasoul\/","article_modified_time":"2025-06-08T11:28:18+00:00","twitter_card":"summary_large_image","twitter_site":"@theibizasoul","twitter_misc":{"Dur\u00e9e de lecture estim\u00e9e":"1 minute"},"schema":{"@context":"https:\/\/schema.org","@graph":[{"@type":"WebPage","@id":"https:\/\/ibizasoul.com\/legal-notice\/","url":"https:\/\/ibizasoul.com\/legal-notice\/","name":"Mentions l\u00e9gales - Ibiza Soul","isPartOf":{"@id":"https:\/\/ibizasoul.com\/#website"},"datePublished":"2025-06-08T10:45:12+00:00","dateModified":"2025-06-08T11:28:18+00:00","breadcrumb":{"@id":"https:\/\/ibizasoul.com\/legal-notice\/#breadcrumb"},"inLanguage":"fr-FR","potentialAction":[{"@type":"ReadAction","target":["https:\/\/ibizasoul.com\/legal-notice\/"]}]},{"@type":"BreadcrumbList","@id":"https:\/\/ibizasoul.com\/legal-notice\/#breadcrumb","itemListElement":[{"@type":"ListItem","position":1,"name":"Home","item":"https:\/\/ibizasoul.com\/"},{"@type":"ListItem","position":2,"name":"Mentions l\u00e9gales"}]},{"@type":"WebSite","@id":"https:\/\/ibizasoul.com\/#website","url":"https:\/\/ibizasoul.com\/","name":"Ibiza Soul","description":"Ibiza Soul \u2013 Hidden Beaches, Secret Spots &amp; Things To Do in Ibiza","potentialAction":[{"@type":"SearchAction","target":{"@type":"EntryPoint","urlTemplate":"https:\/\/ibizasoul.com\/?s={search_term_string}"},"query-input":{"@type":"PropertyValueSpecification","valueRequired":true,"valueName":"search_term_string"}}],"inLanguage":"fr-FR"}]}},"_links":{"self":[{"href":"https:\/\/ibizasoul.com\/fr\/wp-json\/wp\/v2\/pages\/11962","targetHints":{"allow":["GET"]}}],"collection":[{"href":"https:\/\/ibizasoul.com\/fr\/wp-json\/wp\/v2\/pages"}],"about":[{"href":"https:\/\/ibizasoul.com\/fr\/wp-json\/wp\/v2\/types\/page"}],"author":[{"embeddable":true,"href":"https:\/\/ibizasoul.com\/fr\/wp-json\/wp\/v2\/users\/4"}],"replies":[{"embeddable":true,"href":"https:\/\/ibizasoul.com\/fr\/wp-json\/wp\/v2\/comments?post=11962"}],"version-history":[{"count":1,"href":"https:\/\/ibizasoul.com\/fr\/wp-json\/wp\/v2\/pages\/11962\/revisions"}],"predecessor-version":[{"id":11963,"href":"https:\/\/ibizasoul.com\/fr\/wp-json\/wp\/v2\/pages\/11962\/revisions\/11963"}],"wp:attachment":[{"href":"https:\/\/ibizasoul.com\/fr\/wp-json\/wp\/v2\/media?parent=11962"}],"curies":[{"name":"wp","href":"https:\/\/api.w.org\/{rel}","templated":true}]}}