{"id":11968,"date":"2025-06-08T12:45:12","date_gmt":"2025-06-08T10:45:12","guid":{"rendered":"https:\/\/ibizasoul.com\/aviso-legal\/"},"modified":"2025-06-08T13:28:20","modified_gmt":"2025-06-08T11:28:20","slug":"aviso-legal","status":"publish","type":"page","link":"https:\/\/ibizasoul.com\/es\/aviso-legal\/","title":{"rendered":"Aviso legal"},"content":{"rendered":"\n<h2 class=\"wp-block-heading\" id=\"h-legal-notice\">Aviso legal<\/h2>\n\n<p>Este sitio web est\u00e1 gestionado por:<\/p>\n\n<p><strong>Ibiza Soul<\/strong><br\/>Espa\u00f1a (basado en la residencia, sitio privado no comercial en desarrollo)<br\/>Contacto: [Enlace al formulario de contacto]<br\/>Sitio web: https:\/\/ibizasoul.com<\/p>\n\n<hr class=\"wp-block-separator has-alpha-channel-opacity\"\/>\n\n<h3 class=\"wp-block-heading\" id=\"h-responsible-for-content\">Responsable del contenido:<\/h3>\n\n<p>Rob Woo (propietario del proyecto) | WOO Publishing<br\/>Disponible a petici\u00f3n a trav\u00e9s del formulario de contacto.<\/p>\n\n<hr class=\"wp-block-separator has-alpha-channel-opacity\"\/>\n\n<h3 class=\"wp-block-heading\" id=\"h-disclaimer\">Descargo de responsabilidad:<\/h3>\n\n<p>Toda la informaci\u00f3n de este sitio web se facilita \u00fanicamente con fines informativos e inspiradores. No garantizamos la exactitud o integridad de ning\u00fan contenido.<\/p>\n\n<p>No nos hacemos responsables de los sitios web externos enlazados desde esta plataforma.<\/p>\n\n<hr class=\"wp-block-separator has-alpha-channel-opacity\"\/>\n\n<h3 class=\"wp-block-heading\" id=\"h-legal-status\">Estatuto jur\u00eddico:<\/h3>\n\n<p>Este sitio web est\u00e1 actualmente en construcci\u00f3n y no tiene actividad comercial. Se a\u00f1adir\u00e1 una direcci\u00f3n comercial registrada y los datos completos de la entidad jur\u00eddica antes de que comience cualquier actividad comercial.<\/p>\n\n<hr class=\"wp-block-separator has-alpha-channel-opacity\"\/>\n\n<h3 class=\"wp-block-heading\" id=\"h-copyright\">Derechos de autor:<\/h3>\n\n<p>Todo el contenido \u00a9 Ibiza Soul. Queda prohibida la reproducci\u00f3n o distribuci\u00f3n no autorizada sin permiso escrito.<\/p>\n","protected":false},"excerpt":{"rendered":"<p>Aviso legal Este sitio web est\u00e1 gestionado por: Ibiza SoulEspa\u00f1a (basado en la residencia, sitio privado no comercial en desarrollo)Contacto: [Enlace al formulario de contacto]Sitio web: https:\/\/ibizasoul.com Responsable del contenido: Rob Woo (propietario del proyecto) | WOO PublishingDisponible a petici\u00f3n a trav\u00e9s del formulario de contacto. Descargo de responsabilidad: Toda la informaci\u00f3n de este sitio [&hellip;]<\/p>\n","protected":false},"author":4,"featured_media":0,"parent":0,"menu_order":0,"comment_status":"closed","ping_status":"closed","template":"","meta":{"_acf_changed":false,"footnotes":""},"class_list":["post-11968","page","type-page","status-publish","hentry"],"acf":[],"yoast_head":"<!-- This site is optimized with the Yoast SEO Premium plugin v27.4 (Yoast SEO v27.4) - https:\/\/yoast.com\/product\/yoast-seo-premium-wordpress\/ -->\n<title>Aviso legal - Ibiza Soul<\/title>\n<meta name=\"robots\" content=\"noindex, follow, max-snippet:-1, max-image-preview:large, max-video-preview:-1\" \/>\n<meta property=\"og:locale\" content=\"es_ES\" \/>\n<meta property=\"og:type\" content=\"article\" \/>\n<meta property=\"og:title\" content=\"Aviso legal\" \/>\n<meta property=\"og:description\" content=\"Aviso legal Este sitio web est\u00e1 gestionado por: Ibiza SoulEspa\u00f1a (basado en la residencia, sitio privado no comercial en desarrollo)Contacto: [Enlace al formulario de contacto]Sitio web: https:\/\/ibizasoul.com Responsable del contenido: Rob Woo (propietario del proyecto) | WOO PublishingDisponible a petici\u00f3n a trav\u00e9s del formulario de contacto. Descargo de responsabilidad: Toda la informaci\u00f3n de este sitio [&hellip;]\" \/>\n<meta property=\"og:url\" content=\"https:\/\/ibizasoul.com\/legal-notice\/\" \/>\n<meta property=\"og:site_name\" content=\"Ibiza Soul\" \/>\n<meta property=\"article:publisher\" content=\"https:\/\/www.facebook.com\/theibizasoul\/\" \/>\n<meta property=\"article:modified_time\" content=\"2025-06-08T11:28:20+00:00\" \/>\n<meta name=\"twitter:card\" content=\"summary_large_image\" \/>\n<meta name=\"twitter:site\" content=\"@theibizasoul\" \/>\n<meta name=\"twitter:label1\" content=\"Tiempo de lectura\" \/>\n\t<meta name=\"twitter:data1\" content=\"1 minuto\" \/>\n<script type=\"application\/ld+json\" class=\"yoast-schema-graph\">{\"@context\":\"https:\\\/\\\/schema.org\",\"@graph\":[{\"@type\":\"WebPage\",\"@id\":\"https:\\\/\\\/ibizasoul.com\\\/legal-notice\\\/\",\"url\":\"https:\\\/\\\/ibizasoul.com\\\/legal-notice\\\/\",\"name\":\"Aviso legal - Ibiza Soul\",\"isPartOf\":{\"@id\":\"https:\\\/\\\/ibizasoul.com\\\/#website\"},\"datePublished\":\"2025-06-08T10:45:12+00:00\",\"dateModified\":\"2025-06-08T11:28:20+00:00\",\"breadcrumb\":{\"@id\":\"https:\\\/\\\/ibizasoul.com\\\/legal-notice\\\/#breadcrumb\"},\"inLanguage\":\"es\",\"potentialAction\":[{\"@type\":\"ReadAction\",\"target\":[\"https:\\\/\\\/ibizasoul.com\\\/legal-notice\\\/\"]}]},{\"@type\":\"BreadcrumbList\",\"@id\":\"https:\\\/\\\/ibizasoul.com\\\/legal-notice\\\/#breadcrumb\",\"itemListElement\":[{\"@type\":\"ListItem\",\"position\":1,\"name\":\"Home\",\"item\":\"https:\\\/\\\/ibizasoul.com\\\/\"},{\"@type\":\"ListItem\",\"position\":2,\"name\":\"Aviso legal\"}]},{\"@type\":\"WebSite\",\"@id\":\"https:\\\/\\\/ibizasoul.com\\\/#website\",\"url\":\"https:\\\/\\\/ibizasoul.com\\\/\",\"name\":\"Ibiza Soul\",\"description\":\"Curated Ibiza Guide\",\"potentialAction\":[{\"@type\":\"SearchAction\",\"target\":{\"@type\":\"EntryPoint\",\"urlTemplate\":\"https:\\\/\\\/ibizasoul.com\\\/?s={search_term_string}\"},\"query-input\":{\"@type\":\"PropertyValueSpecification\",\"valueRequired\":true,\"valueName\":\"search_term_string\"}}],\"inLanguage\":\"es\"}]}<\/script>\n<!-- \/ Yoast SEO Premium plugin. -->","yoast_head_json":{"title":"Aviso legal - Ibiza Soul","robots":{"index":"noindex","follow":"follow","max-snippet":"max-snippet:-1","max-image-preview":"max-image-preview:large","max-video-preview":"max-video-preview:-1"},"og_locale":"es_ES","og_type":"article","og_title":"Aviso legal","og_description":"Aviso legal Este sitio web est\u00e1 gestionado por: Ibiza SoulEspa\u00f1a (basado en la residencia, sitio privado no comercial en desarrollo)Contacto: [Enlace al formulario de contacto]Sitio web: https:\/\/ibizasoul.com Responsable del contenido: Rob Woo (propietario del proyecto) | WOO PublishingDisponible a petici\u00f3n a trav\u00e9s del formulario de contacto. Descargo de responsabilidad: Toda la informaci\u00f3n de este sitio [&hellip;]","og_url":"https:\/\/ibizasoul.com\/legal-notice\/","og_site_name":"Ibiza Soul","article_publisher":"https:\/\/www.facebook.com\/theibizasoul\/","article_modified_time":"2025-06-08T11:28:20+00:00","twitter_card":"summary_large_image","twitter_site":"@theibizasoul","twitter_misc":{"Tiempo de lectura":"1 minuto"},"schema":{"@context":"https:\/\/schema.org","@graph":[{"@type":"WebPage","@id":"https:\/\/ibizasoul.com\/legal-notice\/","url":"https:\/\/ibizasoul.com\/legal-notice\/","name":"Aviso legal - Ibiza Soul","isPartOf":{"@id":"https:\/\/ibizasoul.com\/#website"},"datePublished":"2025-06-08T10:45:12+00:00","dateModified":"2025-06-08T11:28:20+00:00","breadcrumb":{"@id":"https:\/\/ibizasoul.com\/legal-notice\/#breadcrumb"},"inLanguage":"es","potentialAction":[{"@type":"ReadAction","target":["https:\/\/ibizasoul.com\/legal-notice\/"]}]},{"@type":"BreadcrumbList","@id":"https:\/\/ibizasoul.com\/legal-notice\/#breadcrumb","itemListElement":[{"@type":"ListItem","position":1,"name":"Home","item":"https:\/\/ibizasoul.com\/"},{"@type":"ListItem","position":2,"name":"Aviso legal"}]},{"@type":"WebSite","@id":"https:\/\/ibizasoul.com\/#website","url":"https:\/\/ibizasoul.com\/","name":"Ibiza Soul","description":"Curated Ibiza Guide","potentialAction":[{"@type":"SearchAction","target":{"@type":"EntryPoint","urlTemplate":"https:\/\/ibizasoul.com\/?s={search_term_string}"},"query-input":{"@type":"PropertyValueSpecification","valueRequired":true,"valueName":"search_term_string"}}],"inLanguage":"es"}]}},"_links":{"self":[{"href":"https:\/\/ibizasoul.com\/es\/wp-json\/wp\/v2\/pages\/11968","targetHints":{"allow":["GET"]}}],"collection":[{"href":"https:\/\/ibizasoul.com\/es\/wp-json\/wp\/v2\/pages"}],"about":[{"href":"https:\/\/ibizasoul.com\/es\/wp-json\/wp\/v2\/types\/page"}],"author":[{"embeddable":true,"href":"https:\/\/ibizasoul.com\/es\/wp-json\/wp\/v2\/users\/4"}],"replies":[{"embeddable":true,"href":"https:\/\/ibizasoul.com\/es\/wp-json\/wp\/v2\/comments?post=11968"}],"version-history":[{"count":1,"href":"https:\/\/ibizasoul.com\/es\/wp-json\/wp\/v2\/pages\/11968\/revisions"}],"predecessor-version":[{"id":11969,"href":"https:\/\/ibizasoul.com\/es\/wp-json\/wp\/v2\/pages\/11968\/revisions\/11969"}],"wp:attachment":[{"href":"https:\/\/ibizasoul.com\/es\/wp-json\/wp\/v2\/media?parent=11968"}],"curies":[{"name":"wp","href":"https:\/\/api.w.org\/{rel}","templated":true}]}}