{"id":11964,"date":"2025-06-08T12:45:12","date_gmt":"2025-06-08T10:45:12","guid":{"rendered":"https:\/\/ibizasoul.com\/impressum\/"},"modified":"2025-06-08T13:28:18","modified_gmt":"2025-06-08T11:28:18","slug":"impressum","status":"publish","type":"page","link":"https:\/\/ibizasoul.com\/de\/impressum\/","title":{"rendered":"Impressum"},"content":{"rendered":"\n<h2 class=\"wp-block-heading\" id=\"h-legal-notice\">Rechtlicher Hinweis<\/h2>\n\n<p>Diese Website wird betrieben von:<\/p>\n\n<p><strong>Ibiza Soul<\/strong><br\/>Spanien (Wohnsitz-basierte, nicht-kommerzielle private Website in Entwicklung)<br\/>Kontakt: [Link zum Kontaktformular]<br\/>Website: https:\/\/ibizasoul.com<\/p>\n\n<hr class=\"wp-block-separator has-alpha-channel-opacity\"\/>\n\n<h3 class=\"wp-block-heading\" id=\"h-responsible-for-content\">Verantwortlich f\u00fcr den Inhalt:<\/h3>\n\n<p>Rob Woo (Projektinhaber) | WOO Publishing<br\/>Auf Anfrage \u00fcber das Kontaktformular erh\u00e4ltlich.<\/p>\n\n<hr class=\"wp-block-separator has-alpha-channel-opacity\"\/>\n\n<h3 class=\"wp-block-heading\" id=\"h-disclaimer\">Haftungsausschluss:<\/h3>\n\n<p>Alle Informationen auf dieser Website werden nur zu Informations- und Inspirationszwecken bereitgestellt. Wir \u00fcbernehmen keine Garantie f\u00fcr die Richtigkeit oder Vollst\u00e4ndigkeit der Inhalte.<\/p>\n\n<p>Wir sind nicht verantwortlich f\u00fcr externe Websites, die von dieser Plattform aus verlinkt sind.<\/p>\n\n<hr class=\"wp-block-separator has-alpha-channel-opacity\"\/>\n\n<h3 class=\"wp-block-heading\" id=\"h-legal-status\">Rechtlicher Status:<\/h3>\n\n<p>Diese Website befindet sich derzeit im Aufbau und ist nicht kommerziell aktiv. Eine registrierte Gesch\u00e4ftsadresse und vollst\u00e4ndige Angaben zur juristischen Person werden hinzugef\u00fcgt, bevor eine kommerzielle T\u00e4tigkeit aufgenommen wird.<\/p>\n\n<hr class=\"wp-block-separator has-alpha-channel-opacity\"\/>\n\n<h3 class=\"wp-block-heading\" id=\"h-copyright\">Copyright:<\/h3>\n\n<p>Alle Inhalte \u00a9 Ibiza Soul. Unerlaubte Vervielf\u00e4ltigung oder Verbreitung ist ohne schriftliche Genehmigung verboten.<\/p>\n","protected":false},"excerpt":{"rendered":"<p>Rechtlicher Hinweis Diese Website wird betrieben von: Ibiza SoulSpanien (Wohnsitz-basierte, nicht-kommerzielle private Website in Entwicklung)Kontakt: [Link zum Kontaktformular]Website: https:\/\/ibizasoul.com Verantwortlich f\u00fcr den Inhalt: Rob Woo (Projektinhaber) | WOO PublishingAuf Anfrage \u00fcber das Kontaktformular erh\u00e4ltlich. Haftungsausschluss: Alle Informationen auf dieser Website werden nur zu Informations- und Inspirationszwecken bereitgestellt. Wir \u00fcbernehmen keine Garantie f\u00fcr die Richtigkeit oder [&hellip;]<\/p>\n","protected":false},"author":4,"featured_media":0,"parent":0,"menu_order":0,"comment_status":"closed","ping_status":"closed","template":"","meta":{"_acf_changed":false,"footnotes":""},"class_list":["post-11964","page","type-page","status-publish","hentry"],"acf":[],"yoast_head":"<!-- This site is optimized with the Yoast SEO Premium plugin v27.4 (Yoast SEO v27.4) - https:\/\/yoast.com\/product\/yoast-seo-premium-wordpress\/ -->\n<title>Impressum - Ibiza Soul<\/title>\n<meta name=\"robots\" content=\"noindex, follow, max-snippet:-1, max-image-preview:large, max-video-preview:-1\" \/>\n<meta property=\"og:locale\" content=\"de_DE\" \/>\n<meta property=\"og:type\" content=\"article\" \/>\n<meta property=\"og:title\" content=\"Impressum\" \/>\n<meta property=\"og:description\" content=\"Rechtlicher Hinweis Diese Website wird betrieben von: Ibiza SoulSpanien (Wohnsitz-basierte, nicht-kommerzielle private Website in Entwicklung)Kontakt: [Link zum Kontaktformular]Website: https:\/\/ibizasoul.com Verantwortlich f\u00fcr den Inhalt: Rob Woo (Projektinhaber) | WOO PublishingAuf Anfrage \u00fcber das Kontaktformular erh\u00e4ltlich. Haftungsausschluss: Alle Informationen auf dieser Website werden nur zu Informations- und Inspirationszwecken bereitgestellt. Wir \u00fcbernehmen keine Garantie f\u00fcr die Richtigkeit oder [&hellip;]\" \/>\n<meta property=\"og:url\" content=\"https:\/\/ibizasoul.com\/legal-notice\/\" \/>\n<meta property=\"og:site_name\" content=\"Ibiza Soul\" \/>\n<meta property=\"article:publisher\" content=\"https:\/\/www.facebook.com\/theibizasoul\/\" \/>\n<meta property=\"article:modified_time\" content=\"2025-06-08T11:28:18+00:00\" \/>\n<meta name=\"twitter:card\" content=\"summary_large_image\" \/>\n<meta name=\"twitter:site\" content=\"@theibizasoul\" \/>\n<meta name=\"twitter:label1\" content=\"Gesch\u00e4tzte Lesezeit\" \/>\n\t<meta name=\"twitter:data1\" content=\"1\u00a0Minute\" \/>\n<script type=\"application\/ld+json\" class=\"yoast-schema-graph\">{\"@context\":\"https:\\\/\\\/schema.org\",\"@graph\":[{\"@type\":\"WebPage\",\"@id\":\"https:\\\/\\\/ibizasoul.com\\\/legal-notice\\\/\",\"url\":\"https:\\\/\\\/ibizasoul.com\\\/legal-notice\\\/\",\"name\":\"Impressum - Ibiza Soul\",\"isPartOf\":{\"@id\":\"https:\\\/\\\/ibizasoul.com\\\/#website\"},\"datePublished\":\"2025-06-08T10:45:12+00:00\",\"dateModified\":\"2025-06-08T11:28:18+00:00\",\"breadcrumb\":{\"@id\":\"https:\\\/\\\/ibizasoul.com\\\/legal-notice\\\/#breadcrumb\"},\"inLanguage\":\"de\",\"potentialAction\":[{\"@type\":\"ReadAction\",\"target\":[\"https:\\\/\\\/ibizasoul.com\\\/legal-notice\\\/\"]}]},{\"@type\":\"BreadcrumbList\",\"@id\":\"https:\\\/\\\/ibizasoul.com\\\/legal-notice\\\/#breadcrumb\",\"itemListElement\":[{\"@type\":\"ListItem\",\"position\":1,\"name\":\"Home\",\"item\":\"https:\\\/\\\/ibizasoul.com\\\/\"},{\"@type\":\"ListItem\",\"position\":2,\"name\":\"Impressum\"}]},{\"@type\":\"WebSite\",\"@id\":\"https:\\\/\\\/ibizasoul.com\\\/#website\",\"url\":\"https:\\\/\\\/ibizasoul.com\\\/\",\"name\":\"Ibiza Soul\",\"description\":\"Ibiza Soul \u2013 Hidden Beaches, Secret Spots &amp; Things To Do in Ibiza\",\"potentialAction\":[{\"@type\":\"SearchAction\",\"target\":{\"@type\":\"EntryPoint\",\"urlTemplate\":\"https:\\\/\\\/ibizasoul.com\\\/?s={search_term_string}\"},\"query-input\":{\"@type\":\"PropertyValueSpecification\",\"valueRequired\":true,\"valueName\":\"search_term_string\"}}],\"inLanguage\":\"de\"}]}<\/script>\n<!-- \/ Yoast SEO Premium plugin. -->","yoast_head_json":{"title":"Impressum - Ibiza Soul","robots":{"index":"noindex","follow":"follow","max-snippet":"max-snippet:-1","max-image-preview":"max-image-preview:large","max-video-preview":"max-video-preview:-1"},"og_locale":"de_DE","og_type":"article","og_title":"Impressum","og_description":"Rechtlicher Hinweis Diese Website wird betrieben von: Ibiza SoulSpanien (Wohnsitz-basierte, nicht-kommerzielle private Website in Entwicklung)Kontakt: [Link zum Kontaktformular]Website: https:\/\/ibizasoul.com Verantwortlich f\u00fcr den Inhalt: Rob Woo (Projektinhaber) | WOO PublishingAuf Anfrage \u00fcber das Kontaktformular erh\u00e4ltlich. Haftungsausschluss: Alle Informationen auf dieser Website werden nur zu Informations- und Inspirationszwecken bereitgestellt. Wir \u00fcbernehmen keine Garantie f\u00fcr die Richtigkeit oder [&hellip;]","og_url":"https:\/\/ibizasoul.com\/legal-notice\/","og_site_name":"Ibiza Soul","article_publisher":"https:\/\/www.facebook.com\/theibizasoul\/","article_modified_time":"2025-06-08T11:28:18+00:00","twitter_card":"summary_large_image","twitter_site":"@theibizasoul","twitter_misc":{"Gesch\u00e4tzte Lesezeit":"1\u00a0Minute"},"schema":{"@context":"https:\/\/schema.org","@graph":[{"@type":"WebPage","@id":"https:\/\/ibizasoul.com\/legal-notice\/","url":"https:\/\/ibizasoul.com\/legal-notice\/","name":"Impressum - Ibiza Soul","isPartOf":{"@id":"https:\/\/ibizasoul.com\/#website"},"datePublished":"2025-06-08T10:45:12+00:00","dateModified":"2025-06-08T11:28:18+00:00","breadcrumb":{"@id":"https:\/\/ibizasoul.com\/legal-notice\/#breadcrumb"},"inLanguage":"de","potentialAction":[{"@type":"ReadAction","target":["https:\/\/ibizasoul.com\/legal-notice\/"]}]},{"@type":"BreadcrumbList","@id":"https:\/\/ibizasoul.com\/legal-notice\/#breadcrumb","itemListElement":[{"@type":"ListItem","position":1,"name":"Home","item":"https:\/\/ibizasoul.com\/"},{"@type":"ListItem","position":2,"name":"Impressum"}]},{"@type":"WebSite","@id":"https:\/\/ibizasoul.com\/#website","url":"https:\/\/ibizasoul.com\/","name":"Ibiza Soul","description":"Ibiza Soul \u2013 Hidden Beaches, Secret Spots &amp; Things To Do in Ibiza","potentialAction":[{"@type":"SearchAction","target":{"@type":"EntryPoint","urlTemplate":"https:\/\/ibizasoul.com\/?s={search_term_string}"},"query-input":{"@type":"PropertyValueSpecification","valueRequired":true,"valueName":"search_term_string"}}],"inLanguage":"de"}]}},"_links":{"self":[{"href":"https:\/\/ibizasoul.com\/de\/wp-json\/wp\/v2\/pages\/11964","targetHints":{"allow":["GET"]}}],"collection":[{"href":"https:\/\/ibizasoul.com\/de\/wp-json\/wp\/v2\/pages"}],"about":[{"href":"https:\/\/ibizasoul.com\/de\/wp-json\/wp\/v2\/types\/page"}],"author":[{"embeddable":true,"href":"https:\/\/ibizasoul.com\/de\/wp-json\/wp\/v2\/users\/4"}],"replies":[{"embeddable":true,"href":"https:\/\/ibizasoul.com\/de\/wp-json\/wp\/v2\/comments?post=11964"}],"version-history":[{"count":1,"href":"https:\/\/ibizasoul.com\/de\/wp-json\/wp\/v2\/pages\/11964\/revisions"}],"predecessor-version":[{"id":11965,"href":"https:\/\/ibizasoul.com\/de\/wp-json\/wp\/v2\/pages\/11964\/revisions\/11965"}],"wp:attachment":[{"href":"https:\/\/ibizasoul.com\/de\/wp-json\/wp\/v2\/media?parent=11964"}],"curies":[{"name":"wp","href":"https:\/\/api.w.org\/{rel}","templated":true}]}}